{"id":5774,"date":"2024-04-15T21:26:10","date_gmt":"2024-04-15T21:26:10","guid":{"rendered":"https:\/\/homehouse.hu\/?page_id=5774"},"modified":"2024-04-15T21:30:40","modified_gmt":"2024-04-15T21:30:40","slug":"koszonjuk","status":"publish","type":"page","link":"https:\/\/homehouse.hu\/en\/koszonjuk\/","title":{"rendered":"K\u00f6sz\u00f6nj\u00fck"},"content":{"rendered":"<style>.elementor-5774 .elementor-element.elementor-element-94e794d:not(.elementor-motion-effects-element-type-background), .elementor-5774 .elementor-element.elementor-element-94e794d > .elementor-motion-effects-container > .elementor-motion-effects-layer{background-color:transparent;background-image:linear-gradient(135deg, var( --e-global-color-4cb9bcb ) 0%, var( --e-global-color-639e8dd ) 100%);}.elementor-5774 .elementor-element.elementor-element-94e794d > .elementor-background-overlay{background-image:url(\"https:\/\/homehouse.hu\/wp-content\/uploads\/2024\/02\/couple-buying-house-for-first-time-looking-at-hous-2023-11-27-04-56-19-utc-1-scaled.jpg\");background-position:0px -229px;background-repeat:no-repeat;background-size:cover;opacity:0.4;transition:background 0.3s, border-radius 0.3s, opacity 0.3s;}.elementor-5774 .elementor-element.elementor-element-94e794d{transition:background 0.3s, border 0.3s, border-radius 0.3s, box-shadow 0.3s;margin-top:-67px;margin-bottom:0px;padding:7em 0em 7em 0em;}.elementor-5774 .elementor-element.elementor-element-b5ee3f7 > .elementor-element-populated{margin:0% 0% 0% 0%;--e-column-margin-right:0%;--e-column-margin-left:0%;padding:2em 2em 2em 2em;}.elementor-widget-heading .elementor-heading-title{font-family:var( --e-global-typography-primary-font-family ), Sans-serif;font-size:var( --e-global-typography-primary-font-size );font-weight:var( --e-global-typography-primary-font-weight );line-height:var( --e-global-typography-primary-line-height );letter-spacing:var( --e-global-typography-primary-letter-spacing );color:var( --e-global-color-primary );}.elementor-5774 .elementor-element.elementor-element-281ffd9 .elementor-heading-title{color:var( --e-global-color-text );}.elementor-5774 .elementor-element.elementor-element-281ffd9.elementor-element{--order:-99999 \/* order start hack *\/;}.elementor-widget-text-editor{font-family:var( --e-global-typography-text-font-family ), Sans-serif;font-size:var( --e-global-typography-text-font-size );font-weight:var( --e-global-typography-text-font-weight );line-height:var( --e-global-typography-text-line-height );color:var( --e-global-color-text );}.elementor-widget-text-editor.elementor-drop-cap-view-stacked .elementor-drop-cap{background-color:var( --e-global-color-primary );}.elementor-widget-text-editor.elementor-drop-cap-view-framed .elementor-drop-cap, .elementor-widget-text-editor.elementor-drop-cap-view-default .elementor-drop-cap{color:var( --e-global-color-primary );border-color:var( --e-global-color-primary );}.elementor-5774 .elementor-element.elementor-element-78ee3cb{font-family:\"Inter\", Sans-serif;font-size:16px;font-weight:400;font-style:normal;color:var( --e-global-color-text );}.elementor-widget-button .elementor-button{font-family:var( --e-global-typography-accent-font-family ), Sans-serif;font-size:var( --e-global-typography-accent-font-size );font-weight:var( --e-global-typography-accent-font-weight );line-height:var( --e-global-typography-accent-line-height );background-color:var( --e-global-color-accent );}.elementor-5774 .elementor-element.elementor-element-8e377cc .elementor-button{font-family:\"Inter\", Sans-serif;font-size:16px;font-weight:400;fill:var( --e-global-color-text );color:var( --e-global-color-text );background-color:var( --e-global-color-332724a );}.elementor-5774 .elementor-element.elementor-element-8e377cc .elementor-button:hover, .elementor-5774 .elementor-element.elementor-element-8e377cc .elementor-button:focus{color:var( --e-global-color-primary );background-color:var( --e-global-color-text );}.elementor-5774 .elementor-element.elementor-element-8e377cc .elementor-button:hover svg, .elementor-5774 .elementor-element.elementor-element-8e377cc .elementor-button:focus svg{fill:var( --e-global-color-primary );}.elementor-5774 .elementor-element.elementor-element-8e377cc > .elementor-widget-container{margin:0px 100px 0px 0px;padding:0px 0px 0px 0px;}.elementor-5774 .elementor-element.elementor-element-8e377cc{width:auto;max-width:auto;}.elementor-5774 .elementor-element.elementor-element-31febf8 .elementor-button{font-family:\"Inter\", Sans-serif;font-size:16px;font-weight:400;fill:var( --e-global-color-text );color:var( --e-global-color-text );background-color:var( --e-global-color-332724a );}.elementor-5774 .elementor-element.elementor-element-31febf8 .elementor-button:hover, .elementor-5774 .elementor-element.elementor-element-31febf8 .elementor-button:focus{color:var( --e-global-color-primary );background-color:var( --e-global-color-text );}.elementor-5774 .elementor-element.elementor-element-31febf8 .elementor-button:hover svg, .elementor-5774 .elementor-element.elementor-element-31febf8 .elementor-button:focus svg{fill:var( --e-global-color-primary );}.elementor-5774 .elementor-element.elementor-element-31febf8{width:auto;max-width:auto;}.elementor-5774 .elementor-element.elementor-element-31febf8.elementor-element{--flex-grow:0;--flex-shrink:0;}:root{--page-title-display:none;}@media(max-width:1024px){.elementor-5774 .elementor-element.elementor-element-94e794d > .elementor-background-overlay{background-position:0px 0px;}.elementor-5774 .elementor-element.elementor-element-94e794d{padding:3em 0em 3em 0em;}.elementor-widget-heading .elementor-heading-title{font-size:var( --e-global-typography-primary-font-size );line-height:var( --e-global-typography-primary-line-height );letter-spacing:var( --e-global-typography-primary-letter-spacing );}.elementor-widget-text-editor{font-size:var( --e-global-typography-text-font-size );line-height:var( --e-global-typography-text-line-height );}.elementor-5774 .elementor-element.elementor-element-78ee3cb{font-size:15px;}.elementor-widget-button .elementor-button{font-size:var( --e-global-typography-accent-font-size );line-height:var( --e-global-typography-accent-line-height );}.elementor-5774 .elementor-element.elementor-element-8e377cc .elementor-button{font-size:15px;}.elementor-5774 .elementor-element.elementor-element-31febf8 .elementor-button{font-size:15px;}}@media(max-width:767px){.elementor-5774 .elementor-element.elementor-element-94e794d > .elementor-background-overlay{background-position:0px 0px;}.elementor-5774 .elementor-element.elementor-element-b5ee3f7.elementor-column > .elementor-widget-wrap{justify-content:center;}.elementor-5774 .elementor-element.elementor-element-b5ee3f7 > .elementor-element-populated{margin:0% 0% 0% 0%;--e-column-margin-right:0%;--e-column-margin-left:0%;}.elementor-widget-heading .elementor-heading-title{font-size:var( --e-global-typography-primary-font-size );line-height:var( --e-global-typography-primary-line-height );letter-spacing:var( --e-global-typography-primary-letter-spacing );}.elementor-widget-text-editor{font-size:var( --e-global-typography-text-font-size );line-height:var( --e-global-typography-text-line-height );}.elementor-5774 .elementor-element.elementor-element-78ee3cb{text-align:center;font-size:14px;}.elementor-widget-button .elementor-button{font-size:var( --e-global-typography-accent-font-size );line-height:var( --e-global-typography-accent-line-height );}.elementor-5774 .elementor-element.elementor-element-8e377cc .elementor-button{font-size:14px;}.elementor-5774 .elementor-element.elementor-element-8e377cc > .elementor-widget-container{margin:0px 0px 0px 0px;padding:0px 0px 20px 0px;}.elementor-5774 .elementor-element.elementor-element-31febf8 .elementor-button{font-size:14px;}}\/* Start custom CSS for text-editor, class: .elementor-element-78ee3cb *\/.contact a {\n    color: white;\n}\/* End custom CSS *\/<\/style>\t\t<div data-elementor-type=\"wp-page\" data-elementor-id=\"5774\" class=\"elementor elementor-5774\" data-elementor-post-type=\"page\">\n\t\t\t\t\t\t<section class=\"elementor-section elementor-top-section elementor-element elementor-element-94e794d elementor-section-boxed elementor-section-height-default elementor-section-height-default\" data-id=\"94e794d\" data-element_type=\"section\" data-e-type=\"section\" data-settings=\"{&quot;background_background&quot;:&quot;gradient&quot;}\">\n\t\t\t\t\t\t\t<div class=\"elementor-background-overlay\"><\/div>\n\t\t\t\t\t\t\t<div class=\"elementor-container elementor-column-gap-default\">\n\t\t\t\t\t<div class=\"elementor-column elementor-col-100 elementor-top-column elementor-element elementor-element-b5ee3f7 elementor-invisible\" data-id=\"b5ee3f7\" data-element_type=\"column\" data-e-type=\"column\" data-settings=\"{&quot;animation&quot;:&quot;fadeIn&quot;,&quot;animation_delay&quot;:200}\">\n\t\t\t<div class=\"elementor-widget-wrap elementor-element-populated\">\n\t\t\t\t\t\t<div class=\"elementor-element elementor-element-281ffd9 elementor-widget elementor-widget-heading\" data-id=\"281ffd9\" data-element_type=\"widget\" data-e-type=\"widget\" data-widget_type=\"heading.default\">\n\t\t\t\t<div class=\"elementor-widget-container\">\n\t\t\t\t\t<h2 class=\"elementor-heading-title elementor-size-default\">Successful subscription!<\/h2>\t\t\t\t<\/div>\n\t\t\t\t<\/div>\n\t\t\t\t<div class=\"elementor-element elementor-element-78ee3cb contact elementor-widget elementor-widget-text-editor\" data-id=\"78ee3cb\" data-element_type=\"widget\" data-e-type=\"widget\" data-widget_type=\"text-editor.default\">\n\t\t\t\t<div class=\"elementor-widget-container\">\n\t\t\t\t\t\t\t\t\t<p><b>If you have any questions, please contact us:<\/b><\/p><p><strong>CONTACT DETAILS<\/strong><\/p><p><span style=\"font-weight: 400;\">Tel: <\/span><a href=\"tel:+36 30 937 4220\">+36 30 937 4220<\/a><span style=\"font-weight: 400;\"><br \/>E-mail:<\/span> <a href=\"mailto:iroda@homehouse.hu\">iroda@homehouse.hu<\/a><\/p>\t\t\t\t\t\t\t\t<\/div>\n\t\t\t\t<\/div>\n\t\t\t\t<div class=\"elementor-element elementor-element-8e377cc elementor-mobile-align-center elementor-widget__width-auto elementor-widget elementor-widget-button\" data-id=\"8e377cc\" data-element_type=\"widget\" data-e-type=\"widget\" data-widget_type=\"button.default\">\n\t\t\t\t<div class=\"elementor-widget-container\">\n\t\t\t\t\t\t\t\t\t<div class=\"elementor-button-wrapper\">\n\t\t\t\t\t<a class=\"elementor-button elementor-button-link elementor-size-lg\" href=\"https:\/\/docs.google.com\/forms\/d\/e\/1FAIpQLSdGDCapflOskwh99YxiLMQjJYlDRL6WCETpUPbx1AfsdE63Qg\/viewform?pli=1\" target=\"_blank\">\n\t\t\t\t\t\t<span class=\"elementor-button-content-wrapper\">\n\t\t\t\t\t\t\t\t\t<span class=\"elementor-button-text\">Contact Us Contact Us!<\/span>\n\t\t\t\t\t<\/span>\n\t\t\t\t\t<\/a>\n\t\t\t\t<\/div>\n\t\t\t\t\t\t\t\t<\/div>\n\t\t\t\t<\/div>\n\t\t\t\t<div class=\"elementor-element elementor-element-31febf8 elementor-mobile-align-center elementor-widget__width-auto elementor-widget elementor-widget-button\" data-id=\"31febf8\" data-element_type=\"widget\" data-e-type=\"widget\" data-widget_type=\"button.default\">\n\t\t\t\t<div class=\"elementor-widget-container\">\n\t\t\t\t\t\t\t\t\t<div class=\"elementor-button-wrapper\">\n\t\t\t\t\t<a class=\"elementor-button elementor-button-link elementor-size-lg\" href=\"https:\/\/homehouse.hu\/en\/gyakori-kerdesek\/\">\n\t\t\t\t\t\t<span class=\"elementor-button-content-wrapper\">\n\t\t\t\t\t\t\t\t\t<span class=\"elementor-button-text\">Frequently Asked Questions<\/span>\n\t\t\t\t\t<\/span>\n\t\t\t\t\t<\/a>\n\t\t\t\t<\/div>\n\t\t\t\t\t\t\t\t<\/div>\n\t\t\t\t<\/div>\n\t\t\t\t\t<\/div>\n\t\t<\/div>\n\t\t\t\t\t<\/div>\n\t\t<\/section>\n\t\t\t\t<\/div>","protected":false},"excerpt":{"rendered":"<p>Sikeres feliratkoz\u00e1s! Ha k\u00e9rd\u00e9se mer\u00fclne fel, forduljon hozz\u00e1nk bizalommal: EL\u00c9RHET\u0150S\u00c9GEINK Tel: +36 30 937 4220E-mail: iroda@homehouse.hu Vegye fel Vel\u00fcnk a Kapcsolatot! Gyakran Ism\u00e9telt K\u00e9rd\u00e9sek<\/p>","protected":false},"author":1,"featured_media":0,"parent":0,"menu_order":0,"comment_status":"closed","ping_status":"closed","template":"","meta":{"footnotes":""},"class_list":["post-5774","page","type-page","status-publish","hentry"],"yoast_head":"<!-- This site is optimized with the Yoast SEO Premium plugin v26.2 (Yoast SEO v27.1.1) - https:\/\/yoast.com\/product\/yoast-seo-premium-wordpress\/ -->\n<title>K\u00f6sz\u00f6nj\u00fck - homehouse.hu<\/title>\n<meta name=\"robots\" content=\"index, follow, max-snippet:-1, max-image-preview:large, max-video-preview:-1\" \/>\n<link rel=\"canonical\" href=\"https:\/\/homehouse.hu\/en\/koszonjuk\/\" \/>\n<meta property=\"og:locale\" content=\"en_US\" \/>\n<meta property=\"og:type\" content=\"article\" \/>\n<meta property=\"og:title\" content=\"K\u00f6sz\u00f6nj\u00fck\" \/>\n<meta property=\"og:description\" content=\"Sikeres feliratkoz\u00e1s! Ha k\u00e9rd\u00e9se mer\u00fclne fel, forduljon hozz\u00e1nk bizalommal: EL\u00c9RHET\u0150S\u00c9GEINK Tel: +36 30 937 4220E-mail: iroda@homehouse.hu Vegye fel Vel\u00fcnk a Kapcsolatot! Gyakran Ism\u00e9telt K\u00e9rd\u00e9sek\" \/>\n<meta property=\"og:url\" content=\"https:\/\/homehouse.hu\/en\/koszonjuk\/\" \/>\n<meta property=\"og:site_name\" content=\"homehouse.hu\" \/>\n<meta property=\"article:modified_time\" content=\"2024-04-15T21:30:40+00:00\" \/>\n<meta name=\"twitter:card\" content=\"summary_large_image\" \/>\n<script type=\"application\/ld+json\" class=\"yoast-schema-graph\">{\"@context\":\"https:\/\/schema.org\",\"@graph\":[{\"@type\":\"WebPage\",\"@id\":\"https:\/\/homehouse.hu\/koszonjuk\/\",\"url\":\"https:\/\/homehouse.hu\/koszonjuk\/\",\"name\":\"K\u00f6sz\u00f6nj\u00fck - homehouse.hu\",\"isPartOf\":{\"@id\":\"https:\/\/homehouse.hu\/#website\"},\"datePublished\":\"2024-04-15T21:26:10+00:00\",\"dateModified\":\"2024-04-15T21:30:40+00:00\",\"breadcrumb\":{\"@id\":\"https:\/\/homehouse.hu\/koszonjuk\/#breadcrumb\"},\"inLanguage\":\"en-US\",\"potentialAction\":[{\"@type\":\"ReadAction\",\"target\":[\"https:\/\/homehouse.hu\/koszonjuk\/\"]}]},{\"@type\":\"BreadcrumbList\",\"@id\":\"https:\/\/homehouse.hu\/koszonjuk\/#breadcrumb\",\"itemListElement\":[{\"@type\":\"ListItem\",\"position\":1,\"name\":\"Kezd\u0151lap\",\"item\":\"https:\/\/homehouse.hu\/\"},{\"@type\":\"ListItem\",\"position\":2,\"name\":\"K\u00f6sz\u00f6nj\u00fck\"}]},{\"@type\":\"WebSite\",\"@id\":\"https:\/\/homehouse.hu\/#website\",\"url\":\"https:\/\/homehouse.hu\/\",\"name\":\"homehouse.hu\",\"description\":\"Home hause magyar v\u00e1llalkoz\u00e1s, gener\u00e1lkivitelez\u00e9s garanci\u00e1val\",\"publisher\":{\"@id\":\"https:\/\/homehouse.hu\/#organization\"},\"potentialAction\":[{\"@type\":\"SearchAction\",\"target\":{\"@type\":\"EntryPoint\",\"urlTemplate\":\"https:\/\/homehouse.hu\/?s={search_term_string}\"},\"query-input\":{\"@type\":\"PropertyValueSpecification\",\"valueRequired\":true,\"valueName\":\"search_term_string\"}}],\"inLanguage\":\"en-US\"},{\"@type\":\"Organization\",\"@id\":\"https:\/\/homehouse.hu\/#organization\",\"name\":\"homehouse.hu\",\"url\":\"https:\/\/homehouse.hu\/\",\"logo\":{\"@type\":\"ImageObject\",\"inLanguage\":\"en-US\",\"@id\":\"https:\/\/homehouse.hu\/#\/schema\/logo\/image\/\",\"url\":\"https:\/\/homehouse.hu\/wp-content\/uploads\/2023\/11\/Homehouse-logo-cropped.png\",\"contentUrl\":\"https:\/\/homehouse.hu\/wp-content\/uploads\/2023\/11\/Homehouse-logo-cropped.png\",\"width\":1107,\"height\":481,\"caption\":\"homehouse.hu\"},\"image\":{\"@id\":\"https:\/\/homehouse.hu\/#\/schema\/logo\/image\/\"}}]}<\/script>\n<!-- \/ Yoast SEO Premium plugin. -->","yoast_head_json":{"title":"K\u00f6sz\u00f6nj\u00fck - homehouse.hu","robots":{"index":"index","follow":"follow","max-snippet":"max-snippet:-1","max-image-preview":"max-image-preview:large","max-video-preview":"max-video-preview:-1"},"canonical":"https:\/\/homehouse.hu\/en\/koszonjuk\/","og_locale":"en_US","og_type":"article","og_title":"K\u00f6sz\u00f6nj\u00fck","og_description":"Sikeres feliratkoz\u00e1s! Ha k\u00e9rd\u00e9se mer\u00fclne fel, forduljon hozz\u00e1nk bizalommal: EL\u00c9RHET\u0150S\u00c9GEINK Tel: +36 30 937 4220E-mail: iroda@homehouse.hu Vegye fel Vel\u00fcnk a Kapcsolatot! Gyakran Ism\u00e9telt K\u00e9rd\u00e9sek","og_url":"https:\/\/homehouse.hu\/en\/koszonjuk\/","og_site_name":"homehouse.hu","article_modified_time":"2024-04-15T21:30:40+00:00","twitter_card":"summary_large_image","schema":{"@context":"https:\/\/schema.org","@graph":[{"@type":"WebPage","@id":"https:\/\/homehouse.hu\/koszonjuk\/","url":"https:\/\/homehouse.hu\/koszonjuk\/","name":"K\u00f6sz\u00f6nj\u00fck - homehouse.hu","isPartOf":{"@id":"https:\/\/homehouse.hu\/#website"},"datePublished":"2024-04-15T21:26:10+00:00","dateModified":"2024-04-15T21:30:40+00:00","breadcrumb":{"@id":"https:\/\/homehouse.hu\/koszonjuk\/#breadcrumb"},"inLanguage":"en-US","potentialAction":[{"@type":"ReadAction","target":["https:\/\/homehouse.hu\/koszonjuk\/"]}]},{"@type":"BreadcrumbList","@id":"https:\/\/homehouse.hu\/koszonjuk\/#breadcrumb","itemListElement":[{"@type":"ListItem","position":1,"name":"Kezd\u0151lap","item":"https:\/\/homehouse.hu\/"},{"@type":"ListItem","position":2,"name":"K\u00f6sz\u00f6nj\u00fck"}]},{"@type":"WebSite","@id":"https:\/\/homehouse.hu\/#website","url":"https:\/\/homehouse.hu\/","name":"homehouse.hu","description":"Home hause Hungarian company, general construction with guarantee","publisher":{"@id":"https:\/\/homehouse.hu\/#organization"},"potentialAction":[{"@type":"SearchAction","target":{"@type":"EntryPoint","urlTemplate":"https:\/\/homehouse.hu\/?s={search_term_string}"},"query-input":{"@type":"PropertyValueSpecification","valueRequired":true,"valueName":"search_term_string"}}],"inLanguage":"en-US"},{"@type":"Organization","@id":"https:\/\/homehouse.hu\/#organization","name":"homehouse.hu","url":"https:\/\/homehouse.hu\/","logo":{"@type":"ImageObject","inLanguage":"en-US","@id":"https:\/\/homehouse.hu\/#\/schema\/logo\/image\/","url":"https:\/\/homehouse.hu\/wp-content\/uploads\/2023\/11\/Homehouse-logo-cropped.png","contentUrl":"https:\/\/homehouse.hu\/wp-content\/uploads\/2023\/11\/Homehouse-logo-cropped.png","width":1107,"height":481,"caption":"homehouse.hu"},"image":{"@id":"https:\/\/homehouse.hu\/#\/schema\/logo\/image\/"}}]}},"_links":{"self":[{"href":"https:\/\/homehouse.hu\/en\/wp-json\/wp\/v2\/pages\/5774","targetHints":{"allow":["GET"]}}],"collection":[{"href":"https:\/\/homehouse.hu\/en\/wp-json\/wp\/v2\/pages"}],"about":[{"href":"https:\/\/homehouse.hu\/en\/wp-json\/wp\/v2\/types\/page"}],"author":[{"embeddable":true,"href":"https:\/\/homehouse.hu\/en\/wp-json\/wp\/v2\/users\/1"}],"replies":[{"embeddable":true,"href":"https:\/\/homehouse.hu\/en\/wp-json\/wp\/v2\/comments?post=5774"}],"version-history":[{"count":4,"href":"https:\/\/homehouse.hu\/en\/wp-json\/wp\/v2\/pages\/5774\/revisions"}],"predecessor-version":[{"id":5781,"href":"https:\/\/homehouse.hu\/en\/wp-json\/wp\/v2\/pages\/5774\/revisions\/5781"}],"wp:attachment":[{"href":"https:\/\/homehouse.hu\/en\/wp-json\/wp\/v2\/media?parent=5774"}],"curies":[{"name":"wp","href":"https:\/\/api.w.org\/{rel}","templated":true}]}}