{"id":270,"date":"2023-11-23T20:54:25","date_gmt":"2023-11-23T20:54:25","guid":{"rendered":"https:\/\/homehouse.hu\/?page_id=270"},"modified":"2024-03-01T13:12:39","modified_gmt":"2024-03-01T13:12:39","slug":"arajanlat-kalkulator","status":"publish","type":"page","link":"https:\/\/homehouse.hu\/de\/arajanlat-kalkulator\/","title":{"rendered":"\u00c1raj\u00e1nlat kalkul\u00e1tor"},"content":{"rendered":"","protected":false},"excerpt":{"rendered":"","protected":false},"author":1,"featured_media":0,"parent":0,"menu_order":0,"comment_status":"closed","ping_status":"closed","template":"","meta":{"footnotes":""},"class_list":["post-270","page","type-page","status-publish","hentry"],"yoast_head":"<!-- This site is optimized with the Yoast SEO Premium plugin v27.3 (Yoast SEO v27.3) - https:\/\/yoast.com\/product\/yoast-seo-premium-wordpress\/ -->\n<title>\u00c1raj\u00e1nlat kalkul\u00e1tor - homehouse.hu<\/title>\n<meta name=\"robots\" content=\"index, follow, max-snippet:-1, max-image-preview:large, max-video-preview:-1\" \/>\n<link rel=\"canonical\" href=\"https:\/\/homehouse.hu\/de\/arajanlat-kalkulator\/\" \/>\n<meta property=\"og:locale\" content=\"de_DE\" \/>\n<meta property=\"og:type\" content=\"article\" \/>\n<meta property=\"og:title\" content=\"\u00c1raj\u00e1nlat kalkul\u00e1tor\" \/>\n<meta property=\"og:url\" content=\"https:\/\/homehouse.hu\/de\/arajanlat-kalkulator\/\" \/>\n<meta property=\"og:site_name\" content=\"homehouse.hu\" \/>\n<meta property=\"article:modified_time\" content=\"2024-03-01T13:12:39+00:00\" \/>\n<meta name=\"twitter:card\" content=\"summary_large_image\" \/>\n<script type=\"application\/ld+json\" class=\"yoast-schema-graph\">{\"@context\":\"https:\\\/\\\/schema.org\",\"@graph\":[{\"@type\":\"WebPage\",\"@id\":\"https:\\\/\\\/homehouse.hu\\\/arajanlat-kalkulator\\\/\",\"url\":\"https:\\\/\\\/homehouse.hu\\\/arajanlat-kalkulator\\\/\",\"name\":\"\u00c1raj\u00e1nlat kalkul\u00e1tor - homehouse.hu\",\"isPartOf\":{\"@id\":\"https:\\\/\\\/homehouse.hu\\\/#website\"},\"datePublished\":\"2023-11-23T20:54:25+00:00\",\"dateModified\":\"2024-03-01T13:12:39+00:00\",\"breadcrumb\":{\"@id\":\"https:\\\/\\\/homehouse.hu\\\/arajanlat-kalkulator\\\/#breadcrumb\"},\"inLanguage\":\"de\",\"potentialAction\":[{\"@type\":\"ReadAction\",\"target\":[\"https:\\\/\\\/homehouse.hu\\\/arajanlat-kalkulator\\\/\"]}]},{\"@type\":\"BreadcrumbList\",\"@id\":\"https:\\\/\\\/homehouse.hu\\\/arajanlat-kalkulator\\\/#breadcrumb\",\"itemListElement\":[{\"@type\":\"ListItem\",\"position\":1,\"name\":\"Kezd\u0151lap\",\"item\":\"https:\\\/\\\/homehouse.hu\\\/\"},{\"@type\":\"ListItem\",\"position\":2,\"name\":\"\u00c1raj\u00e1nlat kalkul\u00e1tor\"}]},{\"@type\":\"WebSite\",\"@id\":\"https:\\\/\\\/homehouse.hu\\\/#website\",\"url\":\"https:\\\/\\\/homehouse.hu\\\/\",\"name\":\"homehouse.hu\",\"description\":\"Home hause magyar v\u00e1llalkoz\u00e1s, gener\u00e1lkivitelez\u00e9s garanci\u00e1val\",\"publisher\":{\"@id\":\"https:\\\/\\\/homehouse.hu\\\/#organization\"},\"potentialAction\":[{\"@type\":\"SearchAction\",\"target\":{\"@type\":\"EntryPoint\",\"urlTemplate\":\"https:\\\/\\\/homehouse.hu\\\/?s={search_term_string}\"},\"query-input\":{\"@type\":\"PropertyValueSpecification\",\"valueRequired\":true,\"valueName\":\"search_term_string\"}}],\"inLanguage\":\"de\"},{\"@type\":\"Organization\",\"@id\":\"https:\\\/\\\/homehouse.hu\\\/#organization\",\"name\":\"homehouse.hu\",\"url\":\"https:\\\/\\\/homehouse.hu\\\/\",\"logo\":{\"@type\":\"ImageObject\",\"inLanguage\":\"de\",\"@id\":\"https:\\\/\\\/homehouse.hu\\\/#\\\/schema\\\/logo\\\/image\\\/\",\"url\":\"https:\\\/\\\/homehouse.hu\\\/wp-content\\\/uploads\\\/2023\\\/11\\\/Homehouse-logo-cropped.png\",\"contentUrl\":\"https:\\\/\\\/homehouse.hu\\\/wp-content\\\/uploads\\\/2023\\\/11\\\/Homehouse-logo-cropped.png\",\"width\":1107,\"height\":481,\"caption\":\"homehouse.hu\"},\"image\":{\"@id\":\"https:\\\/\\\/homehouse.hu\\\/#\\\/schema\\\/logo\\\/image\\\/\"}}]}<\/script>\n<!-- \/ Yoast SEO Premium plugin. -->","yoast_head_json":{"title":"\u00c1raj\u00e1nlat kalkul\u00e1tor - homehouse.hu","robots":{"index":"index","follow":"follow","max-snippet":"max-snippet:-1","max-image-preview":"max-image-preview:large","max-video-preview":"max-video-preview:-1"},"canonical":"https:\/\/homehouse.hu\/de\/arajanlat-kalkulator\/","og_locale":"de_DE","og_type":"article","og_title":"\u00c1raj\u00e1nlat kalkul\u00e1tor","og_url":"https:\/\/homehouse.hu\/de\/arajanlat-kalkulator\/","og_site_name":"homehouse.hu","article_modified_time":"2024-03-01T13:12:39+00:00","twitter_card":"summary_large_image","schema":{"@context":"https:\/\/schema.org","@graph":[{"@type":"WebPage","@id":"https:\/\/homehouse.hu\/arajanlat-kalkulator\/","url":"https:\/\/homehouse.hu\/arajanlat-kalkulator\/","name":"\u00c1raj\u00e1nlat kalkul\u00e1tor - homehouse.hu","isPartOf":{"@id":"https:\/\/homehouse.hu\/#website"},"datePublished":"2023-11-23T20:54:25+00:00","dateModified":"2024-03-01T13:12:39+00:00","breadcrumb":{"@id":"https:\/\/homehouse.hu\/arajanlat-kalkulator\/#breadcrumb"},"inLanguage":"de","potentialAction":[{"@type":"ReadAction","target":["https:\/\/homehouse.hu\/arajanlat-kalkulator\/"]}]},{"@type":"BreadcrumbList","@id":"https:\/\/homehouse.hu\/arajanlat-kalkulator\/#breadcrumb","itemListElement":[{"@type":"ListItem","position":1,"name":"Kezd\u0151lap","item":"https:\/\/homehouse.hu\/"},{"@type":"ListItem","position":2,"name":"\u00c1raj\u00e1nlat kalkul\u00e1tor"}]},{"@type":"WebSite","@id":"https:\/\/homehouse.hu\/#website","url":"https:\/\/homehouse.hu\/","name":"Heimathaus.hu","description":"Home hause Ungarische Firma, allgemeiner Bau mit Garantie","publisher":{"@id":"https:\/\/homehouse.hu\/#organization"},"potentialAction":[{"@type":"SearchAction","target":{"@type":"EntryPoint","urlTemplate":"https:\/\/homehouse.hu\/?s={search_term_string}"},"query-input":{"@type":"PropertyValueSpecification","valueRequired":true,"valueName":"search_term_string"}}],"inLanguage":"de"},{"@type":"Organization","@id":"https:\/\/homehouse.hu\/#organization","name":"Heimathaus.hu","url":"https:\/\/homehouse.hu\/","logo":{"@type":"ImageObject","inLanguage":"de","@id":"https:\/\/homehouse.hu\/#\/schema\/logo\/image\/","url":"https:\/\/homehouse.hu\/wp-content\/uploads\/2023\/11\/Homehouse-logo-cropped.png","contentUrl":"https:\/\/homehouse.hu\/wp-content\/uploads\/2023\/11\/Homehouse-logo-cropped.png","width":1107,"height":481,"caption":"homehouse.hu"},"image":{"@id":"https:\/\/homehouse.hu\/#\/schema\/logo\/image\/"}}]}},"_links":{"self":[{"href":"https:\/\/homehouse.hu\/de\/wp-json\/wp\/v2\/pages\/270","targetHints":{"allow":["GET"]}}],"collection":[{"href":"https:\/\/homehouse.hu\/de\/wp-json\/wp\/v2\/pages"}],"about":[{"href":"https:\/\/homehouse.hu\/de\/wp-json\/wp\/v2\/types\/page"}],"author":[{"embeddable":true,"href":"https:\/\/homehouse.hu\/de\/wp-json\/wp\/v2\/users\/1"}],"replies":[{"embeddable":true,"href":"https:\/\/homehouse.hu\/de\/wp-json\/wp\/v2\/comments?post=270"}],"version-history":[{"count":5,"href":"https:\/\/homehouse.hu\/de\/wp-json\/wp\/v2\/pages\/270\/revisions"}],"predecessor-version":[{"id":3727,"href":"https:\/\/homehouse.hu\/de\/wp-json\/wp\/v2\/pages\/270\/revisions\/3727"}],"wp:attachment":[{"href":"https:\/\/homehouse.hu\/de\/wp-json\/wp\/v2\/media?parent=270"}],"curies":[{"name":"wp","href":"https:\/\/api.w.org\/{rel}","templated":true}]}}